{"id":965,"date":"2024-03-04T12:29:16","date_gmt":"2024-03-04T12:29:16","guid":{"rendered":"https:\/\/gruene-graben-neudorf.de\/?page_id=965"},"modified":"2024-11-13T18:35:45","modified_gmt":"2024-11-13T17:35:45","slug":"kommunahlwahlen-2024","status":"publish","type":"page","link":"https:\/\/gruene-graben-neudorf.de\/?page_id=965","title":{"rendered":"Kommunahlwahlen 2024"},"content":{"rendered":"\n<p class=\"has-text-align-center\">Erfahre hier mehr zum aktuellen <a href=\"https:\/\/gruene-graben-neudorf.de\/?page_id=954m-kommunalwahl-2024\/\">Wahlprogramm<\/a> des OV Graben-Neudorf f\u00fcr den Gemeinderat.<\/p>\n\n\n\n<p class=\"has-text-align-center\">Unser Flyer zum weitergeben:  <a href=\"https:\/\/gruene-graben-neudorf.de\/wp-content\/uploads\/2024\/03\/flyer-2024.png\" target=\"_blank\" rel=\"noreferrer noopener nofollow\">Flyer-Kommunalwahl-2024<\/a><\/p>\n\n\n\n<p class=\"has-text-align-center has-white-color has-text-color has-link-color wp-elements-95f35211e969a410449d118efd6208bd\"><em><strong><span style=\"background: #009900\">So w\u00e4hlen Sie die Gr\u00fcnen in den Gemeinderat :&nbsp;<\/span><\/strong><\/em>  <\/p>\n\n\n\n<ul class=\"wp-block-list\">\n<li>Geben Sie den Stimmzettel keinesfalls unver\u00e4ndert ab. Sonst verschenken Sie eine gr\u00fcne Stimme !<\/li>\n\n\n\n<li>Sie k\u00f6nnen frei unter allen 17 Kandidatinnen und Kandidaten w\u00e4hlen !<\/li>\n\n\n\n<li>Geben Sie Ihren Kandidatinnen und Kandidaten je eine, zwei oder drei Stimmen.<\/li>\n\n\n\n<li>Vergeben Sie jedoch nicht mehr als 18 Stimmen. Sonst ist Ihr Stimmzettel ung\u00fcltig !<\/li>\n<\/ul>\n","protected":false},"excerpt":{"rendered":"<p>Erfahre hier mehr zum aktuellen Wahlprogramm des OV Graben-Neudorf f\u00fcr den Gemeinderat. Unser Flyer zum weitergeben: Flyer-Kommunalwahl-2024 So w\u00e4hlen Sie die Gr\u00fcnen in den Gemeinderat :&nbsp;<\/p>\n","protected":false},"author":1,"featured_media":1015,"parent":0,"menu_order":0,"comment_status":"closed","ping_status":"closed","template":"","meta":{"footnotes":""},"class_list":["post-965","page","type-page","status-publish","has-post-thumbnail","hentry"],"_links":{"self":[{"href":"https:\/\/gruene-graben-neudorf.de\/index.php?rest_route=\/wp\/v2\/pages\/965","targetHints":{"allow":["GET"]}}],"collection":[{"href":"https:\/\/gruene-graben-neudorf.de\/index.php?rest_route=\/wp\/v2\/pages"}],"about":[{"href":"https:\/\/gruene-graben-neudorf.de\/index.php?rest_route=\/wp\/v2\/types\/page"}],"author":[{"embeddable":true,"href":"https:\/\/gruene-graben-neudorf.de\/index.php?rest_route=\/wp\/v2\/users\/1"}],"replies":[{"embeddable":true,"href":"https:\/\/gruene-graben-neudorf.de\/index.php?rest_route=%2Fwp%2Fv2%2Fcomments&post=965"}],"version-history":[{"count":20,"href":"https:\/\/gruene-graben-neudorf.de\/index.php?rest_route=\/wp\/v2\/pages\/965\/revisions"}],"predecessor-version":[{"id":1081,"href":"https:\/\/gruene-graben-neudorf.de\/index.php?rest_route=\/wp\/v2\/pages\/965\/revisions\/1081"}],"wp:featuredmedia":[{"embeddable":true,"href":"https:\/\/gruene-graben-neudorf.de\/index.php?rest_route=\/wp\/v2\/media\/1015"}],"wp:attachment":[{"href":"https:\/\/gruene-graben-neudorf.de\/index.php?rest_route=%2Fwp%2Fv2%2Fmedia&parent=965"}],"curies":[{"name":"wp","href":"https:\/\/api.w.org\/{rel}","templated":true}]}}