{"id":60,"date":"2020-11-23T12:44:18","date_gmt":"2020-11-23T12:44:18","guid":{"rendered":"https:\/\/gruene-graben-neudorf.de\/?page_id=60"},"modified":"2020-11-23T12:44:18","modified_gmt":"2020-11-23T12:44:18","slug":"klimaschutz-in-graben-neudorf","status":"publish","type":"page","link":"https:\/\/gruene-graben-neudorf.de\/?page_id=60","title":{"rendered":"Klimaschutz in Graben-Neudorf"},"content":{"rendered":"\n<p>Bei den Beratungen zum Gemeindehaushalt 2020 wurde schnell klar, dass f\u00fcr alle Fraktionen der Klimaschutz ein wichtiges Thema ist. Daher haben sich CDU und Gr\u00fcne am Jahresanfang 2020 zusammengesetzt, um eine gemeinsame Strategie f\u00fcr den Klimaschutz in Graben-Neudorf zu erarbeiten.<\/p>\n\n\n\n<p>Als Ergebnis dieser konstruktiven Zusammenarbeit wurden am 13.01.2020 alle Antr\u00e4ge zum Klimaschutz mit einer funktionierenden schwarz-gr\u00fcnen Mehrheit verabschiedet. Hier die wichtigsten Beschl\u00fcsse:<\/p>\n\n\n\n<ul class=\"wp-block-list\"><li><strong>Klimaschutzfonds:<\/strong>&nbsp;F\u00fcr die n\u00e4chsten Jahre stehen jeweils 1,25 Mio Euro f\u00fcr den Klimaschutz zur Verf\u00fcgung. Daraus k\u00f6nnen die einzelnen Ma\u00dfnahmen finanziert werden.<\/li><li><strong>Klimaschutzkonzept:<\/strong>&nbsp;In den n\u00e4chsten Monaten soll ein umfassendes Konzept erarbeitet werden, wie Graben-Neudorf in m\u00f6glichst kurzer Zeit klimaneutral werden kann. Wichtig war uns Gr\u00fcnen, dass dieses auch Ma\u00dfnahmen enth\u00e4lt, die kurzfristig schon 2020 umgesetzt werden k\u00f6nnen.<\/li><li><strong>Klimaschutzmanager*in<\/strong>: Im Rathaus wird noch in diesem Jahr eine neue Stelle geschaffen. Dadurch werden die geplanten Ma\u00dfnahmen auch personell abgesichert.<\/li><li><strong>Fahrradroutenkonzept:<\/strong>&nbsp;F\u00fcr Graben-Neudorf wird eine komplett neue Strategie f\u00fcr den Fahrradverkehr entwickelt. Das Umsteigen vom Auto aufs Fahrrad wird dadurch erleichtert. Dies kommt dem Klimaschutz zugute.<\/li><li><strong>Durchgr\u00fcnung von Graben-Neudorf:<\/strong>&nbsp;Mit dem Pflanzen von B\u00e4umen und der Einrichtung neuer Gr\u00fcnfl\u00e4chen mit Str\u00e4uchern und Wildblumenwiesen k\u00f6nnen die Auswirkungen des Klimawandels abgepuffert werden. Gleichzeitig kann dem Artenverlust auch im bebauten Gebiet entgegengewirkt werden.<\/li><\/ul>\n\n\n\n<p>Damit steuert Graben-Neudorf beim Klimaschutz um. Klimaschutz geh\u00f6rt nun endlich zu den wichtigsten Aufgaben der Kommunalpolitik.<\/p>\n","protected":false},"excerpt":{"rendered":"<p>Bei den Beratungen zum Gemeindehaushalt 2020 wurde schnell klar, dass f\u00fcr alle Fraktionen der Klimaschutz ein wichtiges Thema ist. Daher haben sich CDU und Gr\u00fcne am Jahresanfang 2020 zusammengesetzt, um [&hellip;]<\/p>\n","protected":false},"author":1,"featured_media":0,"parent":0,"menu_order":0,"comment_status":"closed","ping_status":"closed","template":"","meta":{"footnotes":""},"class_list":["post-60","page","type-page","status-publish","hentry"],"_links":{"self":[{"href":"https:\/\/gruene-graben-neudorf.de\/index.php?rest_route=\/wp\/v2\/pages\/60","targetHints":{"allow":["GET"]}}],"collection":[{"href":"https:\/\/gruene-graben-neudorf.de\/index.php?rest_route=\/wp\/v2\/pages"}],"about":[{"href":"https:\/\/gruene-graben-neudorf.de\/index.php?rest_route=\/wp\/v2\/types\/page"}],"author":[{"embeddable":true,"href":"https:\/\/gruene-graben-neudorf.de\/index.php?rest_route=\/wp\/v2\/users\/1"}],"replies":[{"embeddable":true,"href":"https:\/\/gruene-graben-neudorf.de\/index.php?rest_route=%2Fwp%2Fv2%2Fcomments&post=60"}],"version-history":[{"count":1,"href":"https:\/\/gruene-graben-neudorf.de\/index.php?rest_route=\/wp\/v2\/pages\/60\/revisions"}],"predecessor-version":[{"id":61,"href":"https:\/\/gruene-graben-neudorf.de\/index.php?rest_route=\/wp\/v2\/pages\/60\/revisions\/61"}],"wp:attachment":[{"href":"https:\/\/gruene-graben-neudorf.de\/index.php?rest_route=%2Fwp%2Fv2%2Fmedia&parent=60"}],"curies":[{"name":"wp","href":"https:\/\/api.w.org\/{rel}","templated":true}]}}