{"id":56,"date":"2020-11-23T12:35:31","date_gmt":"2020-11-23T12:35:31","guid":{"rendered":"https:\/\/gruene-graben-neudorf.de\/?page_id=56"},"modified":"2020-11-23T12:35:31","modified_gmt":"2020-11-23T12:35:31","slug":"ueberfraktioneller-antrag-und-stellungnahme-zum-projekt-leben","status":"publish","type":"page","link":"https:\/\/gruene-graben-neudorf.de\/?page_id=56","title":{"rendered":"\u00dcberfraktioneller Antrag und Stellungnahme zum Projekt LeBeN"},"content":{"rendered":"\n<p id=\"block-f8c13653-2280-4b36-b47c-530ef91ef919\">\u00dcberfraktionelle Gruppe<br>i.A. Armin Gabler<br>Herrn B\u00fcrgermeister Christian Eheim<br>und den Gemeinderat<br>Hauptstra\u00dfe 39<br>76676 Graben-Neudorf<br>Graben-Neudorf, den 11.09.2020<\/p>\n\n\n\n<p id=\"block-d2ed5d5e-dc42-400b-a247-a5e18819d27c\"><br><strong>\u00dcberfraktioneller Gruppenantrag: Planungsstopp LeBeN<\/strong><br><br>Sehr geehrter Herr B\u00fcrgermeister Eheim,<br>die unterzeichnenden Gemeinder\u00e4te aus allen drei Fraktionen des Gemeinderats stellen<br><br>hiermit folgenden Antrag:<br>Der Gemeinderat m\u00f6ge folgende Beschl\u00fcsse fassen:<\/p>\n\n\n\n<ul class=\"wp-block-list\" id=\"block-2485d2ff-0744-40db-8508-e389519403a0\"><li>Die vorliegenden Planungen des Architekturb\u00fcros MVRDV zum Projekt LeBeN<br>(\u201eLandschaftsbibliothek\u201c) werden ab sofort gestoppt.<\/li><li>Alle Gemeindeorgane t\u00e4tigen in Bezug auf diesen Planungsentwurf bis auf Weiteres<br>keine Rechtsgesch\u00e4fte mehr, die zu weiteren Ausgaben f\u00fchren k\u00f6nnten.<\/li><li>Im Rahmen der Haushaltsplanung 2021 und der mittelfristigen Finanzplanung (2022<br>\u2013 2024) wird der Gemeinderat erneut entscheiden, unter welchen Bedingungen die<br>Planungen f\u00fcr die Neue Mitte fortgesetzt werden.<\/li><li>Ziel des Gemeinderats ist es weiterhin, einen lebendigen und attraktiven Mittelpunkt<br>in der Gemeinde zu schaffen, der bei den B\u00fcrgerinnen und B\u00fcrgern eine hohe Akzeptanz genie\u00dft.<br><br><strong>Begr\u00fcndung:<\/strong><br>Im Juli 2020 wurde der Planungsentwurf LeBeN (\u201eLandschaftsb\u00fccherei\u201c) \u00f6ffentlich vorgestellt. Bereits vorher wurde nicht-\u00f6ffentlich im Gemeinderat dar\u00fcber beraten. Nach den intensiven Diskussionen der letzten Wochen gibt es gro\u00dfe Zweifel, ob dieses Projekt \u00fcberhaupt<br>durchf\u00fchrbar ist und ob es die gestellten Anforderungen erf\u00fcllen kann.<br><br><strong>Notwendigkeit<\/strong><br>Es gibt keine Dringlichkeit, in der Neuen Mitte ein Lern- und Begegnungszentrum zu errichten. Das B\u00fcrgerb\u00fcro kann auch weiterhin im Rathaus bleiben. Das derzeitige Bibliotheksgeb\u00e4ude ist nicht bauf\u00e4llig und Begegnungsr\u00e4ume gibt es bereits in der Gemeinde.<br>Die Landschaftsb\u00fccherei ist ein Prestigeprojekt, das nicht der Daseinsvorsorge dient. Daher<br>muss umso sorgf\u00e4ltiger gepr\u00fcft werden, ob es in den Rahmen des Gemeindehaushalts<br>passt. Wichtige Investitionen der n\u00e4chsten Jahre wie z. B. die Trinkwasserversorgung oder<br>der Neubau der Erich-K\u00e4stner-Schule d\u00fcrfen dadurch nicht verz\u00f6gert oder \u00fcber Schulden finanziert werden.<br><br><strong>Gemeindemitte wird zugebaut<\/strong><br>Statt einen Treffpunkt f\u00fcr die B\u00fcrgerinnen und B\u00fcrger von Graben-Neudorf zu schaffen, wird mit der Landschaftsb\u00fccherei die Mitte komplett zugebaut. Neben den gro\u00dfen Geb\u00e4uden der Sparkasse und des neuen \u00c4rztehauses wird noch ein weiteres Geb\u00e4ude hineingequetscht,<br>das fast genauso hoch sein soll wie der Rathausturm. Wegen seines gro\u00dfen Umfangs muss die Hauptstra\u00dfe verlegt und alle B\u00e4ume vor dem Rathaus gef\u00e4llt werden. Die neue Stra\u00dfe soll schluchtartig zwischen Rathaus und Landschaftsb\u00fccherei gef\u00fchrt werden. Einen Platz in<br>der Mitte, der bei Bedarf durch die Sperrung der Hauptstra\u00dfe und Hinzunahme des Rathausvorplatzes f\u00fcr kurze Zeit zu einem gro\u00dfen Festplatz erweitert werden kann, wird es so nie mehr geben. Aus unserer Sicht muss deshalb die Dimension des Geb\u00e4udes nochmals \u00fcberdacht werden.<br><br><strong>Funktionen des Geb\u00e4udes<\/strong><br>Eine Neujustierung der Dimension bedeutet auch gleichzeitig die Diskussion \u00fcber die Funktionen, die in dem neuen Geb\u00e4ude untergerbacht werden sollen. Alle Alternativen m\u00fcssen<br>noch einmal auf den Tisch. Soll das B\u00fcrgerb\u00fcro wirklich aus dem Rathaus ausziehen? Ist ein Neubau der Gemeindebibliothek in Zeiten der verst\u00e4rkten Digitalisierung angebracht oder ist die Sanierung des bestehenden Geb\u00e4udes ausreichend? Soll im neuen Geb\u00e4ude ein Caf\u00e9<br>oder eher gehobene Gastronomie untergebracht werden? Wie muss ein Begegnungszentrum gestaltet werden, das f\u00fcr alle Gruppen der B\u00fcrgerschaft ansprechend ist?<br><br><strong>Akzeptanz<\/strong><br>Mit der Gestaltung der Neuen Mitte sollte ein Symbol f\u00fcr die Einheit der Gemeinde GrabenNeudorf geschaffen werden. Es ist jetzt schon absehbar, dass diese Landschaftsb\u00fccherei stark umstritten ist. Viele B\u00fcrgerinnen und B\u00fcrger lehnen den Entwurf ab, weil er nicht zu<br>Graben-Neudorf passt. Eine hohe Akzeptanz der Landschaftsb\u00fccherei ist weder im Gemeinderat noch in der B\u00fcrgerschaft sp\u00fcrbar.<br><br><strong>Und zu guter Letzt: Hohe Investitions- und Folgekosten<\/strong><br>Der Bau des Landschaftsdachs, die Tiefgarage, der Umbau der Hauptstra\u00dfe und die Inneneinrichtung werden Investitionen in einem zweistelligen Millionenbereich verursachen. Neben<br>den einmaligen Investitionskosten muss mit enormen Folgekosten gerechnet werden, die bei<br>dem aktuellen Konzept unvermeidbar sind Noch ist nicht klar, wie sich die Corona-Krise auf<br>die Finanzen der Gemeinde Graben-Neudorf auswirken wird. Dauerausgaben in diesem Umfang sehen wir zu diesem Zeitpunkt daher als nicht vertretbar an.<br><br><strong>Fazit<\/strong><br>Aus allen genannten Gr\u00fcnden ziehen wir den Schluss, dass der Planungsprozess gestoppt<br>und \u00fcber das Projekt noch einmal grunds\u00e4tzlich nachgedacht werden muss.<br><br>Unterzeichnende Gemeinder\u00e4tinnen und Gemeinder\u00e4te:<br>Thomas Blau, Wolfgang Frick, Armin Gabler, J\u00f6rg Hartmann, Dr. Dieter Kadelka, Karl-Heinz Kling,<br>Andre Mayer, Marcus Melder, Peter Sch\u00e4fer, Klaus Wilhelm, Silke W\u00fcnsch, Annette Zinecker<\/li><\/ul>\n","protected":false},"excerpt":{"rendered":"<p>\u00dcberfraktionelle Gruppei.A. Armin GablerHerrn B\u00fcrgermeister Christian Eheimund den GemeinderatHauptstra\u00dfe 3976676 Graben-NeudorfGraben-Neudorf, den 11.09.2020 \u00dcberfraktioneller Gruppenantrag: Planungsstopp LeBeN Sehr geehrter Herr B\u00fcrgermeister Eheim,die unterzeichnenden Gemeinder\u00e4te aus allen drei Fraktionen des Gemeinderats [&hellip;]<\/p>\n","protected":false},"author":1,"featured_media":0,"parent":0,"menu_order":0,"comment_status":"closed","ping_status":"closed","template":"","meta":{"footnotes":""},"class_list":["post-56","page","type-page","status-publish","hentry"],"_links":{"self":[{"href":"https:\/\/gruene-graben-neudorf.de\/index.php?rest_route=\/wp\/v2\/pages\/56","targetHints":{"allow":["GET"]}}],"collection":[{"href":"https:\/\/gruene-graben-neudorf.de\/index.php?rest_route=\/wp\/v2\/pages"}],"about":[{"href":"https:\/\/gruene-graben-neudorf.de\/index.php?rest_route=\/wp\/v2\/types\/page"}],"author":[{"embeddable":true,"href":"https:\/\/gruene-graben-neudorf.de\/index.php?rest_route=\/wp\/v2\/users\/1"}],"replies":[{"embeddable":true,"href":"https:\/\/gruene-graben-neudorf.de\/index.php?rest_route=%2Fwp%2Fv2%2Fcomments&post=56"}],"version-history":[{"count":1,"href":"https:\/\/gruene-graben-neudorf.de\/index.php?rest_route=\/wp\/v2\/pages\/56\/revisions"}],"predecessor-version":[{"id":57,"href":"https:\/\/gruene-graben-neudorf.de\/index.php?rest_route=\/wp\/v2\/pages\/56\/revisions\/57"}],"wp:attachment":[{"href":"https:\/\/gruene-graben-neudorf.de\/index.php?rest_route=%2Fwp%2Fv2%2Fmedia&parent=56"}],"curies":[{"name":"wp","href":"https:\/\/api.w.org\/{rel}","templated":true}]}}