{"id":255,"date":"2020-12-23T21:02:53","date_gmt":"2020-12-23T21:02:53","guid":{"rendered":"https:\/\/gruene-graben-neudorf.de\/?page_id=255"},"modified":"2020-12-23T21:11:43","modified_gmt":"2020-12-23T21:11:43","slug":"gemeindehaushalt-2021","status":"publish","type":"page","link":"https:\/\/gruene-graben-neudorf.de\/?page_id=255","title":{"rendered":"Gemeindehaushalt 2021"},"content":{"rendered":"\n<p><strong>Gemeindehaushalt 2021 \u2013 im Zeichen von Corona<\/strong><\/p>\n\n\n\n<p>Wegen der Corona-Krise steht Graben-Neudorf ein schwieriges Jahr bevor. Dies spiegelt sich auch im Haushaltsplan 2021 der Gemeinde wider. Nach derzeitigem Stand muss mit einem Gesamtdefizit von ca. 10 Mio Euro gerechnet werden. Die R\u00fccklagen werden von 14,5 Mio Euro auf ca. 4,5 Mio Ende 2021 zur\u00fcckgehen. Selbst wenn man die Zukunft optimistisch einsch\u00e4tzt, wird die Gemeinde ab 2022 verst\u00e4rkt Schulden machen m\u00fcssen.<\/p>\n\n\n\n<p>Es versteht sich von selbst, dass es in einer solchen Lage keinen Spielraum f\u00fcr gro\u00dfe Ausgabew\u00fcnsche gibt. Wir GR\u00dcNEN haben uns daher bei Antr\u00e4gen zur\u00fcckgehalten, die neue Kosten f\u00fcr die Gemeinde bedeuten w\u00fcrden. Priorit\u00e4t Nr. 1 ist die Sicherung der Daseinsf\u00fcrsorge.<\/p>\n\n\n\n<p>Jede Krise bietet aber auch die Chance der Neuausrichtung und des Neubeginns. Im neuen Jahr wollen wir den Klimaschutz in Graben-Neudorf endlich in Schwung bringen. Durch die Einstellung eines Klimaschutzmanagers werden sich ganz neue M\u00f6glichkeiten ergeben. Zu seinen wichtigsten Aufgaben wird es geh\u00f6ren, Graben-Neudorf klimaneutral zu machen. Mit dem Klimaschutzfonds, den wir zusammen mit der CDU in diesem Jahr auf den Weg gebracht haben, stehen die erforderlichen Gelder zur Verf\u00fcgung. Au\u00dferdem haben wir GR\u00dcNE Antr\u00e4ge zu flankierenden Ma\u00dfnahmen gestellt. Mit der Markierung von Fahrbahnen und der Erstellung eines Fahrradroutenkonzepts wollen wir den emissionsfreien Fahrradverkehr st\u00e4rken. Damit die umweltfreundlichen Fu\u00dfg\u00e4nger*innen sich auf sicheren Gehwegen bewegen k\u00f6nnen, soll ein Parkierungskonzept dabei helfen, Gehwege in einem \u00fcberschaubaren Zeitraum (maximal 3 Jahre) von geparkten Fahrzeugen zu befreien. Au\u00dferdem sehen wir den Bedarf f\u00fcr ein Nahw\u00e4rmekonzept, sofern das Geothermiekraftwerk n\u00e4chstes Jahr den Testbetrieb aufnehmen sollte.<\/p>\n\n\n\n<p><strong>Nachhaltigkeit in Krisenzeiten<\/strong><\/p>\n\n\n\n<p>Nachhaltigkeit ist kein Luxusgut, das man sich nur in guten Zeiten leisten kann. Ganz im Gegenteil! Daher ist es uns GR\u00dcNEN ein wichtiges Anliegen, dass auch in Corona-Zeiten die Umwelt nicht unter die R\u00e4der kommt, dass der soziale Zusammenhalt in unserer Gemeinde gest\u00e4rkt wird und die B\u00fcrgerinnen und B\u00fcrger von Graben-Neudorf in gesicherten wirtschaftlichen Verh\u00e4ltnissen leben k\u00f6nnen.<\/p>\n\n\n\n<p>Aus diesem Grund haben wir GR\u00dcNE einen Antrag zum Gemeindehaushalt eingebracht, mit dem wir die Erarbeitung eines Nachhaltigkeitskonzepts auf den Weg bringen m\u00f6chten. Mit Beteiligung von B\u00fcrgerinnen und B\u00fcrgern sollen die wichtigsten Zukunftsfragen von Graben-Neudorf gekl\u00e4rt werden. Diese k\u00f6nnten beispielsweise sein:<\/p>\n\n\n\n<ul class=\"wp-block-list\"><li>Soll Graben-Neudorf noch weiterwachsen? Oder sind 12.000 Einwohner*innen genug?<\/li><li>Welchen Fl\u00e4chenverbrauch kann sich die Gemeinde in Zukunft noch leisten?<\/li><li>Wie gestalten wir Graben-Neudorf kinder- und familienfreundlich?<\/li><li>Wie kann Graben-Neudorf klimaneutral werden?<\/li><li>Wie soll Mobilit\u00e4t in unserer Gemeinde zuk\u00fcnftig aussehen?<\/li><\/ul>\n\n\n\n<p>Das wird sicher kein einfacher Gestaltungsprozess, der in wenigen Monaten abgeschlossen werden kann. Wichtig ist uns aber, dass er im n\u00e4chsten Jahr begonnen wird. Dazu soll unser Antrag beitragen.<\/p>\n\n\n\n<p><\/p>\n","protected":false},"excerpt":{"rendered":"<p>Gemeindehaushalt 2021 \u2013 im Zeichen von Corona Wegen der Corona-Krise steht Graben-Neudorf ein schwieriges Jahr bevor. Dies spiegelt sich auch im Haushaltsplan 2021 der Gemeinde wider. Nach derzeitigem Stand muss [&hellip;]<\/p>\n","protected":false},"author":2,"featured_media":0,"parent":0,"menu_order":0,"comment_status":"closed","ping_status":"closed","template":"","meta":{"footnotes":""},"class_list":["post-255","page","type-page","status-publish","hentry"],"_links":{"self":[{"href":"https:\/\/gruene-graben-neudorf.de\/index.php?rest_route=\/wp\/v2\/pages\/255","targetHints":{"allow":["GET"]}}],"collection":[{"href":"https:\/\/gruene-graben-neudorf.de\/index.php?rest_route=\/wp\/v2\/pages"}],"about":[{"href":"https:\/\/gruene-graben-neudorf.de\/index.php?rest_route=\/wp\/v2\/types\/page"}],"author":[{"embeddable":true,"href":"https:\/\/gruene-graben-neudorf.de\/index.php?rest_route=\/wp\/v2\/users\/2"}],"replies":[{"embeddable":true,"href":"https:\/\/gruene-graben-neudorf.de\/index.php?rest_route=%2Fwp%2Fv2%2Fcomments&post=255"}],"version-history":[{"count":3,"href":"https:\/\/gruene-graben-neudorf.de\/index.php?rest_route=\/wp\/v2\/pages\/255\/revisions"}],"predecessor-version":[{"id":262,"href":"https:\/\/gruene-graben-neudorf.de\/index.php?rest_route=\/wp\/v2\/pages\/255\/revisions\/262"}],"wp:attachment":[{"href":"https:\/\/gruene-graben-neudorf.de\/index.php?rest_route=%2Fwp%2Fv2%2Fmedia&parent=255"}],"curies":[{"name":"wp","href":"https:\/\/api.w.org\/{rel}","templated":true}]}}