{"id":202,"date":"2020-11-30T12:31:49","date_gmt":"2020-11-30T12:31:49","guid":{"rendered":"https:\/\/gruene-graben-neudorf.de\/?page_id=202"},"modified":"2025-01-04T10:00:51","modified_gmt":"2025-01-04T09:00:51","slug":"ueber-uns","status":"publish","type":"page","link":"https:\/\/gruene-graben-neudorf.de\/?page_id=202","title":{"rendered":"\u00dcber Uns"},"content":{"rendered":"\n<p>F\u00fcr uns im Gemeinderat <a href=\"https:\/\/gruene-graben-neudorf.de\/?page_id=22\" data-type=\"page\" data-id=\"22\">Gemeinder\u00e4te<\/a><\/p>\n\n\n\n<p>F\u00fcr uns im Landtag <a href=\"https:\/\/gruene-graben-neudorf.de\/?page_id=216\" data-type=\"page\" data-id=\"216\">Andrea Schwarz<\/a><\/p>\n\n\n\n<p><\/p>\n","protected":false},"excerpt":{"rendered":"<p>F\u00fcr uns im Gemeinderat Gemeinder\u00e4te F\u00fcr uns im Landtag Andrea Schwarz<\/p>\n","protected":false},"author":1,"featured_media":0,"parent":0,"menu_order":0,"comment_status":"closed","ping_status":"closed","template":"","meta":{"footnotes":""},"class_list":["post-202","page","type-page","status-publish","hentry"],"_links":{"self":[{"href":"https:\/\/gruene-graben-neudorf.de\/index.php?rest_route=\/wp\/v2\/pages\/202","targetHints":{"allow":["GET"]}}],"collection":[{"href":"https:\/\/gruene-graben-neudorf.de\/index.php?rest_route=\/wp\/v2\/pages"}],"about":[{"href":"https:\/\/gruene-graben-neudorf.de\/index.php?rest_route=\/wp\/v2\/types\/page"}],"author":[{"embeddable":true,"href":"https:\/\/gruene-graben-neudorf.de\/index.php?rest_route=\/wp\/v2\/users\/1"}],"replies":[{"embeddable":true,"href":"https:\/\/gruene-graben-neudorf.de\/index.php?rest_route=%2Fwp%2Fv2%2Fcomments&post=202"}],"version-history":[{"count":7,"href":"https:\/\/gruene-graben-neudorf.de\/index.php?rest_route=\/wp\/v2\/pages\/202\/revisions"}],"predecessor-version":[{"id":1093,"href":"https:\/\/gruene-graben-neudorf.de\/index.php?rest_route=\/wp\/v2\/pages\/202\/revisions\/1093"}],"wp:attachment":[{"href":"https:\/\/gruene-graben-neudorf.de\/index.php?rest_route=%2Fwp%2Fv2%2Fmedia&parent=202"}],"curies":[{"name":"wp","href":"https:\/\/api.w.org\/{rel}","templated":true}]}}